{"id":2598,"date":"2022-08-02T10:45:24","date_gmt":"2022-08-02T08:45:24","guid":{"rendered":"http:\/\/muzeum.kokkarlino.pl\/?page_id=2598"},"modified":"2022-08-02T11:00:46","modified_gmt":"2022-08-02T09:00:46","slug":"ul-szczecinska-urzad-pocztowy","status":"publish","type":"page","link":"https:\/\/muzeum.kokkarlino.pl\/index.php\/ul-szczecinska-urzad-pocztowy\/","title":{"rendered":"Ul. Szczeci\u0144ska. Urz\u0105d pocztowy"},"content":{"rendered":"\n<p style=\"text-align: justify;\">Urz\u0105d pocztowy. Widok na kamienic\u0119 w kt\u00f3rej w latach 1885 \u2013 1904 funkcjonowa\u0142 Cesarski Urz\u0105d Pocztowy. Fotografia z lat 20\/30 XX wieku. Przesy\u0142ki wychodz\u0105ce z poczty przy ul. Szczeci\u0144skiej cz\u0119sto zabierane by\u0142y na dworzec kolejowy przez omnibus dowo\u017c\u0105cy pasa\u017cer\u00f3w z le\u017c\u0105cego po drugiej stronie ulicy hotelu \u201ePod Czarnym Or\u0142em\u201d T\u0105 sam\u0105 drog\u0105 dostarczane by\u0142y listy z dworca . Mo\u017cna wi\u0119c powiedzie\u0107, \u017ce dostawy poczty by\u0142y zale\u017cne od rozk\u0142adu jazdy poci\u0105g\u00f3w. Na prze\u0142omie XIX i XX wieku dostarczanie list\u00f3w i przesy\u0142ek w Karlinie odbywa\u0142o si\u0119 trzy razy w ci\u0105gu dnia.<\/p>\n<p><img loading=\"lazy\" decoding=\"async\" class=\"aligncenter wp-image-2599 size-large\" src=\"https:\/\/muzeum.kokkarlino.pl\/wp-content\/uploads\/2022\/08\/35-1024x631.jpg\" alt=\"\" width=\"1024\" height=\"631\" srcset=\"https:\/\/muzeum.kokkarlino.pl\/wp-content\/uploads\/2022\/08\/35-1024x631.jpg 1024w, https:\/\/muzeum.kokkarlino.pl\/wp-content\/uploads\/2022\/08\/35-300x185.jpg 300w, https:\/\/muzeum.kokkarlino.pl\/wp-content\/uploads\/2022\/08\/35-768x473.jpg 768w, https:\/\/muzeum.kokkarlino.pl\/wp-content\/uploads\/2022\/08\/35-1536x946.jpg 1536w, https:\/\/muzeum.kokkarlino.pl\/wp-content\/uploads\/2022\/08\/35-2048x1262.jpg 2048w, https:\/\/muzeum.kokkarlino.pl\/wp-content\/uploads\/2022\/08\/35-660x407.jpg 660w, https:\/\/muzeum.kokkarlino.pl\/wp-content\/uploads\/2022\/08\/35-450x277.jpg 450w\" sizes=\"auto, (max-width: 1024px) 100vw, 1024px\" \/><\/p>\n<p><img loading=\"lazy\" decoding=\"async\" class=\"aligncenter wp-image-2600 size-large\" src=\"https:\/\/muzeum.kokkarlino.pl\/wp-content\/uploads\/2022\/08\/78-720x1024.jpg\" alt=\"\" width=\"720\" height=\"1024\" srcset=\"https:\/\/muzeum.kokkarlino.pl\/wp-content\/uploads\/2022\/08\/78-720x1024.jpg 720w, https:\/\/muzeum.kokkarlino.pl\/wp-content\/uploads\/2022\/08\/78-211x300.jpg 211w, https:\/\/muzeum.kokkarlino.pl\/wp-content\/uploads\/2022\/08\/78-768x1092.jpg 768w, https:\/\/muzeum.kokkarlino.pl\/wp-content\/uploads\/2022\/08\/78-660x939.jpg 660w, https:\/\/muzeum.kokkarlino.pl\/wp-content\/uploads\/2022\/08\/78-450x640.jpg 450w, https:\/\/muzeum.kokkarlino.pl\/wp-content\/uploads\/2022\/08\/78.jpg 1064w\" sizes=\"auto, (max-width: 720px) 100vw, 720px\" \/><\/p>\n","protected":false},"excerpt":{"rendered":"<p>Urz\u0105d pocztowy. Widok na kamienic\u0119 w kt\u00f3rej w latach 1885 \u2013 1904 funkcjonowa\u0142 Cesarski Urz\u0105d Pocztowy. Fotografia z lat 20\/30 XX wieku. Przesy\u0142ki wychodz\u0105ce z poczty przy ul. Szczeci\u0144skiej cz\u0119sto [&hellip;]<\/p>\n","protected":false},"author":1,"featured_media":0,"parent":0,"menu_order":0,"comment_status":"closed","ping_status":"closed","template":"","meta":{"footnotes":""},"class_list":["post-2598","page","type-page","status-publish","hentry","clearfix"],"_links":{"self":[{"href":"https:\/\/muzeum.kokkarlino.pl\/index.php\/wp-json\/wp\/v2\/pages\/2598","targetHints":{"allow":["GET"]}}],"collection":[{"href":"https:\/\/muzeum.kokkarlino.pl\/index.php\/wp-json\/wp\/v2\/pages"}],"about":[{"href":"https:\/\/muzeum.kokkarlino.pl\/index.php\/wp-json\/wp\/v2\/types\/page"}],"author":[{"embeddable":true,"href":"https:\/\/muzeum.kokkarlino.pl\/index.php\/wp-json\/wp\/v2\/users\/1"}],"replies":[{"embeddable":true,"href":"https:\/\/muzeum.kokkarlino.pl\/index.php\/wp-json\/wp\/v2\/comments?post=2598"}],"version-history":[{"count":3,"href":"https:\/\/muzeum.kokkarlino.pl\/index.php\/wp-json\/wp\/v2\/pages\/2598\/revisions"}],"predecessor-version":[{"id":2625,"href":"https:\/\/muzeum.kokkarlino.pl\/index.php\/wp-json\/wp\/v2\/pages\/2598\/revisions\/2625"}],"wp:attachment":[{"href":"https:\/\/muzeum.kokkarlino.pl\/index.php\/wp-json\/wp\/v2\/media?parent=2598"}],"curies":[{"name":"wp","href":"https:\/\/api.w.org\/{rel}","templated":true}]}}